{"id":8,"date":"2024-04-25T09:31:53","date_gmt":"2024-04-25T09:31:53","guid":{"rendered":"http:\/\/www.artbelova.com\/?page_id=8"},"modified":"2024-05-14T12:45:10","modified_gmt":"2024-05-14T12:45:10","slug":"biografia","status":"publish","type":"page","link":"https:\/\/www.artbelova.com\/index.php\/biografia\/","title":{"rendered":"Biografia"},"content":{"rendered":"\n<h1 style=\"text-align: right;\"><strong><em>Biografia<\/em><\/strong><\/h1>\n\n\n\n<hr class=\"wp-block-separator has-text-color has-ast-global-color-7-color has-alpha-channel-opacity has-ast-global-color-7-background-color has-background is-style-wide\"\/>\n\n\n\n<p style=\"text-align: justify;\"><span style=\"font-size: 20px;\"><img loading=\"lazy\" decoding=\"async\" class=\" wp-image-11 alignright\" src=\"http:\/\/www.artbelova.com\/wp-content\/uploads\/2024\/04\/maria1-300x300.jpg\" alt=\"\" width=\"214\" height=\"214\" srcset=\"https:\/\/www.artbelova.com\/wp-content\/uploads\/2024\/04\/maria1-300x300.jpg 300w, https:\/\/www.artbelova.com\/wp-content\/uploads\/2024\/04\/maria1-150x150.jpg 150w, https:\/\/www.artbelova.com\/wp-content\/uploads\/2024\/04\/maria1.jpg 400w\" sizes=\"auto, (max-width: 214px) 100vw, 214px\" \/><br>Fin da bambina la mia passione \u00e8 stata sempre quella del disegno e dell\u2019arte in generale. Durante il periodo degli studi di base ho frequentato molti corsi di Arte e di approfondimento creativo tra cui corsi sullo studio e realizzazione di Icone Sacre. Succesivamente, mi sono diplomata alla Scuola d\u2019Arte per Bambini di San Pietroburgo, dove insegnavo arte e creativit\u00e0 ai bambini.<\/span><\/p>\n\n\n\n<div style=\"height:36px\" aria-hidden=\"true\" class=\"wp-block-spacer\"><\/div>\n\n\n\n<p style=\"text-align: justify;\"><img loading=\"lazy\" decoding=\"async\" class=\"wp-image-12 alignleft\" src=\"http:\/\/www.artbelova.com\/wp-content\/uploads\/2024\/04\/maria2-300x194-1.jpg\" alt=\"\" width=\"382\" height=\"247\"><span style=\"font-size: 20px;\">Ho proseguito gli studi presso l\u2019Accademia \u201cSaint Petersburg Stieglitz State Academy of Art and Design\u201d con specializzazione di Design Industriale. Terminata l\u2019Accademia ho iniziato la mia carriera di Designer lavorando per molti anni in diverse Aziende, realizzando progetti per la citt\u00e0 e per l\u2019industria privata sia Nazionale che Internazionale.<\/span><\/p>\n<p style=\"text-align: justify;\"><span style=\"font-size: 20px;\">La collaborazione con queste Aziende e la conseguente realizzazione di progetti importanti, mi ha permesso di approfondire e migliorare le mie conoscenze raggiungendo un livello di creativit\u00e0 molto elevato che mi ha aperto ulteriori strade.<\/span><\/p>\n\n\n\n<div style=\"height:50px\" aria-hidden=\"true\" class=\"wp-block-spacer\"><\/div>\n\n\n\n<p style=\"text-align: justify;\"><span style=\"font-size: 20px;\"><img loading=\"lazy\" decoding=\"async\" class=\"wp-image-13 alignright\" src=\"http:\/\/www.artbelova.com\/wp-content\/uploads\/2024\/04\/maria3_1-300x214.jpg\" alt=\"\" width=\"359\" height=\"256\" srcset=\"https:\/\/www.artbelova.com\/wp-content\/uploads\/2024\/04\/maria3_1-300x214.jpg 300w, https:\/\/www.artbelova.com\/wp-content\/uploads\/2024\/04\/maria3_1.jpg 708w\" sizes=\"auto, (max-width: 359px) 100vw, 359px\" \/>L\u2019attivit\u00e0 di Designer mi ha avvicinato al mondo della Fotografia in quanto strumento neccessario per la realizzazione di basi su cui sviluppare i miei progetti.<\/span><br \/><br \/><span style=\"font-size: 20px;\">Fin da subito la fotografia mi ha appasionato perch\u00e8 riuscivo ad esprimere molto bene la concezione artistisca del mondo intorno a me. Ormai la fotografia \u00e8 diventata uno dei miei passatempi pi\u00f9 piacevoli ansieme a quello della Pittura e Disegno.<\/span><\/p>\n\n\n<!-- wp:themify-builder\/canvas \/-->","protected":false},"excerpt":{"rendered":"<p>Biografia Fin da bambina la mia passione \u00e8 stata sempre quella del disegno e dell\u2019arte in generale. Durante il periodo [&hellip;]<\/p>\n","protected":false},"author":1,"featured_media":11,"parent":0,"menu_order":0,"comment_status":"closed","ping_status":"closed","template":"","meta":{"site-sidebar-layout":"default","site-content-layout":"","ast-site-content-layout":"default","site-content-style":"default","site-sidebar-style":"default","ast-global-header-display":"","ast-banner-title-visibility":"","ast-main-header-display":"","ast-hfb-above-header-display":"","ast-hfb-below-header-display":"","ast-hfb-mobile-header-display":"","site-post-title":"","ast-breadcrumbs-content":"","ast-featured-img":"disabled","footer-sml-layout":"","ast-disable-related-posts":"","theme-transparent-header-meta":"","adv-header-id-meta":"","stick-header-meta":"","header-above-stick-meta":"","header-main-stick-meta":"","header-below-stick-meta":"","astra-migrate-meta-layouts":"default","ast-page-background-enabled":"default","ast-page-background-meta":{"desktop":{"background-color":"var(--ast-global-color-4)","background-image":"","background-repeat":"repeat","background-position":"center center","background-size":"auto","background-attachment":"scroll","background-type":"","background-media":"","overlay-type":"","overlay-color":"","overlay-opacity":"","overlay-gradient":""},"tablet":{"background-color":"","background-image":"","background-repeat":"repeat","background-position":"center center","background-size":"auto","background-attachment":"scroll","background-type":"","background-media":"","overlay-type":"","overlay-color":"","overlay-opacity":"","overlay-gradient":""},"mobile":{"background-color":"","background-image":"","background-repeat":"repeat","background-position":"center center","background-size":"auto","background-attachment":"scroll","background-type":"","background-media":"","overlay-type":"","overlay-color":"","overlay-opacity":"","overlay-gradient":""}},"ast-content-background-meta":{"desktop":{"background-color":"var(--ast-global-color-5)","background-image":"","background-repeat":"repeat","background-position":"center center","background-size":"auto","background-attachment":"scroll","background-type":"","background-media":"","overlay-type":"","overlay-color":"","overlay-opacity":"","overlay-gradient":""},"tablet":{"background-color":"var(--ast-global-color-5)","background-image":"","background-repeat":"repeat","background-position":"center center","background-size":"auto","background-attachment":"scroll","background-type":"","background-media":"","overlay-type":"","overlay-color":"","overlay-opacity":"","overlay-gradient":""},"mobile":{"background-color":"var(--ast-global-color-5)","background-image":"","background-repeat":"repeat","background-position":"center center","background-size":"auto","background-attachment":"scroll","background-type":"","background-media":"","overlay-type":"","overlay-color":"","overlay-opacity":"","overlay-gradient":""}},"footnotes":""},"class_list":["post-8","page","type-page","status-publish","has-post-thumbnail","hentry"],"yoast_head":"<!-- This site is optimized with the Yoast SEO plugin v27.5 - https:\/\/yoast.com\/product\/yoast-seo-wordpress\/ -->\n<title>Biografia - ArtBelova<\/title>\n<meta name=\"robots\" content=\"index, follow, max-snippet:-1, max-image-preview:large, max-video-preview:-1\" \/>\n<link rel=\"canonical\" href=\"https:\/\/www.artbelova.com\/index.php\/biografia\/\" \/>\n<meta property=\"og:locale\" content=\"en_US\" \/>\n<meta property=\"og:type\" content=\"article\" \/>\n<meta property=\"og:title\" content=\"Biografia - ArtBelova\" \/>\n<meta property=\"og:description\" content=\"Biografia Fin da bambina la mia passione \u00e8 stata sempre quella del disegno e dell\u2019arte in generale. Durante il periodo [&hellip;]\" \/>\n<meta property=\"og:url\" content=\"https:\/\/www.artbelova.com\/index.php\/biografia\/\" \/>\n<meta property=\"og:site_name\" content=\"ArtBelova\" \/>\n<meta property=\"article:modified_time\" content=\"2024-05-14T12:45:10+00:00\" \/>\n<meta property=\"og:image\" content=\"https:\/\/www.artbelova.com\/wp-content\/uploads\/2024\/04\/maria1.jpg\" \/>\n\t<meta property=\"og:image:width\" content=\"400\" \/>\n\t<meta property=\"og:image:height\" content=\"400\" \/>\n\t<meta property=\"og:image:type\" content=\"image\/jpeg\" \/>\n<meta name=\"twitter:card\" content=\"summary_large_image\" \/>\n<meta name=\"twitter:label1\" content=\"Est. reading time\" \/>\n\t<meta name=\"twitter:data1\" content=\"1 minute\" \/>\n<script type=\"application\/ld+json\" class=\"yoast-schema-graph\">{\"@context\":\"https:\\\/\\\/schema.org\",\"@graph\":[{\"@type\":\"WebPage\",\"@id\":\"https:\\\/\\\/www.artbelova.com\\\/index.php\\\/biografia\\\/\",\"url\":\"https:\\\/\\\/www.artbelova.com\\\/index.php\\\/biografia\\\/\",\"name\":\"Biografia - ArtBelova\",\"isPartOf\":{\"@id\":\"https:\\\/\\\/www.artbelova.com\\\/#website\"},\"primaryImageOfPage\":{\"@id\":\"https:\\\/\\\/www.artbelova.com\\\/index.php\\\/biografia\\\/#primaryimage\"},\"image\":{\"@id\":\"https:\\\/\\\/www.artbelova.com\\\/index.php\\\/biografia\\\/#primaryimage\"},\"thumbnailUrl\":\"https:\\\/\\\/www.artbelova.com\\\/wp-content\\\/uploads\\\/2024\\\/04\\\/maria1.jpg\",\"datePublished\":\"2024-04-25T09:31:53+00:00\",\"dateModified\":\"2024-05-14T12:45:10+00:00\",\"breadcrumb\":{\"@id\":\"https:\\\/\\\/www.artbelova.com\\\/index.php\\\/biografia\\\/#breadcrumb\"},\"inLanguage\":\"en-US\",\"potentialAction\":[{\"@type\":\"ReadAction\",\"target\":[\"https:\\\/\\\/www.artbelova.com\\\/index.php\\\/biografia\\\/\"]}]},{\"@type\":\"ImageObject\",\"inLanguage\":\"en-US\",\"@id\":\"https:\\\/\\\/www.artbelova.com\\\/index.php\\\/biografia\\\/#primaryimage\",\"url\":\"https:\\\/\\\/www.artbelova.com\\\/wp-content\\\/uploads\\\/2024\\\/04\\\/maria1.jpg\",\"contentUrl\":\"https:\\\/\\\/www.artbelova.com\\\/wp-content\\\/uploads\\\/2024\\\/04\\\/maria1.jpg\",\"width\":400,\"height\":400},{\"@type\":\"BreadcrumbList\",\"@id\":\"https:\\\/\\\/www.artbelova.com\\\/index.php\\\/biografia\\\/#breadcrumb\",\"itemListElement\":[{\"@type\":\"ListItem\",\"position\":1,\"name\":\"Home\",\"item\":\"https:\\\/\\\/www.artbelova.com\\\/\"},{\"@type\":\"ListItem\",\"position\":2,\"name\":\"Biografia\"}]},{\"@type\":\"WebSite\",\"@id\":\"https:\\\/\\\/www.artbelova.com\\\/#website\",\"url\":\"https:\\\/\\\/www.artbelova.com\\\/\",\"name\":\"ArtBelova\",\"description\":\"by Mariia Belova\",\"publisher\":{\"@id\":\"https:\\\/\\\/www.artbelova.com\\\/#\\\/schema\\\/person\\\/9f862a8c5d1890dd56f9b25032765428\"},\"potentialAction\":[{\"@type\":\"SearchAction\",\"target\":{\"@type\":\"EntryPoint\",\"urlTemplate\":\"https:\\\/\\\/www.artbelova.com\\\/?s={search_term_string}\"},\"query-input\":{\"@type\":\"PropertyValueSpecification\",\"valueRequired\":true,\"valueName\":\"search_term_string\"}}],\"inLanguage\":\"en-US\"},{\"@type\":[\"Person\",\"Organization\"],\"@id\":\"https:\\\/\\\/www.artbelova.com\\\/#\\\/schema\\\/person\\\/9f862a8c5d1890dd56f9b25032765428\",\"name\":\"Mariia Belova\",\"image\":{\"@type\":\"ImageObject\",\"inLanguage\":\"en-US\",\"@id\":\"http:\\\/\\\/www.artbelova.com\\\/wp-content\\\/uploads\\\/2024\\\/04\\\/art-Belova-Logo_trans.png\",\"url\":\"http:\\\/\\\/www.artbelova.com\\\/wp-content\\\/uploads\\\/2024\\\/04\\\/art-Belova-Logo_trans.png\",\"contentUrl\":\"http:\\\/\\\/www.artbelova.com\\\/wp-content\\\/uploads\\\/2024\\\/04\\\/art-Belova-Logo_trans.png\",\"width\":486,\"height\":162,\"caption\":\"Mariia Belova\"},\"logo\":{\"@id\":\"http:\\\/\\\/www.artbelova.com\\\/wp-content\\\/uploads\\\/2024\\\/04\\\/art-Belova-Logo_trans.png\"},\"sameAs\":[\"http:\\\/\\\/www.artbelova.com\"]}]}<\/script>\n<!-- \/ Yoast SEO plugin. -->","yoast_head_json":{"title":"Biografia - ArtBelova","robots":{"index":"index","follow":"follow","max-snippet":"max-snippet:-1","max-image-preview":"max-image-preview:large","max-video-preview":"max-video-preview:-1"},"canonical":"https:\/\/www.artbelova.com\/index.php\/biografia\/","og_locale":"en_US","og_type":"article","og_title":"Biografia - ArtBelova","og_description":"Biografia Fin da bambina la mia passione \u00e8 stata sempre quella del disegno e dell\u2019arte in generale. Durante il periodo [&hellip;]","og_url":"https:\/\/www.artbelova.com\/index.php\/biografia\/","og_site_name":"ArtBelova","article_modified_time":"2024-05-14T12:45:10+00:00","og_image":[{"width":400,"height":400,"url":"https:\/\/www.artbelova.com\/wp-content\/uploads\/2024\/04\/maria1.jpg","type":"image\/jpeg"}],"twitter_card":"summary_large_image","twitter_misc":{"Est. reading time":"1 minute"},"schema":{"@context":"https:\/\/schema.org","@graph":[{"@type":"WebPage","@id":"https:\/\/www.artbelova.com\/index.php\/biografia\/","url":"https:\/\/www.artbelova.com\/index.php\/biografia\/","name":"Biografia - ArtBelova","isPartOf":{"@id":"https:\/\/www.artbelova.com\/#website"},"primaryImageOfPage":{"@id":"https:\/\/www.artbelova.com\/index.php\/biografia\/#primaryimage"},"image":{"@id":"https:\/\/www.artbelova.com\/index.php\/biografia\/#primaryimage"},"thumbnailUrl":"https:\/\/www.artbelova.com\/wp-content\/uploads\/2024\/04\/maria1.jpg","datePublished":"2024-04-25T09:31:53+00:00","dateModified":"2024-05-14T12:45:10+00:00","breadcrumb":{"@id":"https:\/\/www.artbelova.com\/index.php\/biografia\/#breadcrumb"},"inLanguage":"en-US","potentialAction":[{"@type":"ReadAction","target":["https:\/\/www.artbelova.com\/index.php\/biografia\/"]}]},{"@type":"ImageObject","inLanguage":"en-US","@id":"https:\/\/www.artbelova.com\/index.php\/biografia\/#primaryimage","url":"https:\/\/www.artbelova.com\/wp-content\/uploads\/2024\/04\/maria1.jpg","contentUrl":"https:\/\/www.artbelova.com\/wp-content\/uploads\/2024\/04\/maria1.jpg","width":400,"height":400},{"@type":"BreadcrumbList","@id":"https:\/\/www.artbelova.com\/index.php\/biografia\/#breadcrumb","itemListElement":[{"@type":"ListItem","position":1,"name":"Home","item":"https:\/\/www.artbelova.com\/"},{"@type":"ListItem","position":2,"name":"Biografia"}]},{"@type":"WebSite","@id":"https:\/\/www.artbelova.com\/#website","url":"https:\/\/www.artbelova.com\/","name":"ArtBelova","description":"by Mariia Belova","publisher":{"@id":"https:\/\/www.artbelova.com\/#\/schema\/person\/9f862a8c5d1890dd56f9b25032765428"},"potentialAction":[{"@type":"SearchAction","target":{"@type":"EntryPoint","urlTemplate":"https:\/\/www.artbelova.com\/?s={search_term_string}"},"query-input":{"@type":"PropertyValueSpecification","valueRequired":true,"valueName":"search_term_string"}}],"inLanguage":"en-US"},{"@type":["Person","Organization"],"@id":"https:\/\/www.artbelova.com\/#\/schema\/person\/9f862a8c5d1890dd56f9b25032765428","name":"Mariia Belova","image":{"@type":"ImageObject","inLanguage":"en-US","@id":"http:\/\/www.artbelova.com\/wp-content\/uploads\/2024\/04\/art-Belova-Logo_trans.png","url":"http:\/\/www.artbelova.com\/wp-content\/uploads\/2024\/04\/art-Belova-Logo_trans.png","contentUrl":"http:\/\/www.artbelova.com\/wp-content\/uploads\/2024\/04\/art-Belova-Logo_trans.png","width":486,"height":162,"caption":"Mariia Belova"},"logo":{"@id":"http:\/\/www.artbelova.com\/wp-content\/uploads\/2024\/04\/art-Belova-Logo_trans.png"},"sameAs":["http:\/\/www.artbelova.com"]}]}},"builder_content":"","_links":{"self":[{"href":"https:\/\/www.artbelova.com\/index.php\/wp-json\/wp\/v2\/pages\/8","targetHints":{"allow":["GET"]}}],"collection":[{"href":"https:\/\/www.artbelova.com\/index.php\/wp-json\/wp\/v2\/pages"}],"about":[{"href":"https:\/\/www.artbelova.com\/index.php\/wp-json\/wp\/v2\/types\/page"}],"author":[{"embeddable":true,"href":"https:\/\/www.artbelova.com\/index.php\/wp-json\/wp\/v2\/users\/1"}],"replies":[{"embeddable":true,"href":"https:\/\/www.artbelova.com\/index.php\/wp-json\/wp\/v2\/comments?post=8"}],"version-history":[{"count":30,"href":"https:\/\/www.artbelova.com\/index.php\/wp-json\/wp\/v2\/pages\/8\/revisions"}],"predecessor-version":[{"id":257,"href":"https:\/\/www.artbelova.com\/index.php\/wp-json\/wp\/v2\/pages\/8\/revisions\/257"}],"wp:featuredmedia":[{"embeddable":true,"href":"https:\/\/www.artbelova.com\/index.php\/wp-json\/wp\/v2\/media\/11"}],"wp:attachment":[{"href":"https:\/\/www.artbelova.com\/index.php\/wp-json\/wp\/v2\/media?parent=8"}],"curies":[{"name":"wp","href":"https:\/\/api.w.org\/{rel}","templated":true}]}}