{"id":77,"date":"2024-04-25T11:28:31","date_gmt":"2024-04-25T11:28:31","guid":{"rendered":"http:\/\/www.artbelova.com\/?page_id=77"},"modified":"2024-05-02T09:56:28","modified_gmt":"2024-05-02T09:56:28","slug":"design","status":"publish","type":"page","link":"https:\/\/www.artbelova.com\/index.php\/design\/","title":{"rendered":"Design"},"content":{"rendered":"<h1 style=\"text-align: right;\"><strong><em>Design<\/em><\/strong><\/h1>\n\n<!--themify_builder_content-->\n<div id=\"themify_builder_content-77\" data-postid=\"77\" class=\"themify_builder_content themify_builder_content-77 themify_builder tf_clear\">\n                    <div  data-lazy=\"1\" class=\"module_row themify_builder_row tb_1co0120 tb_first tf_w\">\n                        <div class=\"row_inner col_align_top tb_col_count_1 tf_box tf_rel\">\n                        <div  data-lazy=\"1\" class=\"module_column tb-column col-full tb_0qtx120 first\">\n                    <!-- module text -->\n<div  class=\"module module-text tb_kuen866   \" data-lazy=\"1\">\n        <div  class=\"tb_text_wrap\">\n        <p style=\"text-align: justify;\"><img loading=\"lazy\" decoding=\"async\" class=\" wp-image-226 alignleft\" src=\"http:\/\/www.artbelova.com\/wp-content\/uploads\/2024\/05\/Martel_StendLed-300x194.jpg\" alt=\"\" width=\"249\" height=\"161\" srcset=\"https:\/\/www.artbelova.com\/wp-content\/uploads\/2024\/05\/Martel_StendLed-300x194.jpg 300w, https:\/\/www.artbelova.com\/wp-content\/uploads\/2024\/05\/Martel_StendLed-768x497.jpg 768w, https:\/\/www.artbelova.com\/wp-content\/uploads\/2024\/05\/Martel_StendLed.jpg 800w\" sizes=\"auto, (max-width: 249px) 100vw, 249px\" \/>Il mio lavoro principale \u00e8 quello di designer industriale con una passione innata per l&#8217;arte e la creativit\u00e0. Crescendo, ho trascorso le mie giornate a disegnare e a esplorare nuove forme di espressione artistica, finch\u00e9 ho deciso di seguire il mio cuore e frequentare l&#8217;accademia artistica.<\/p>\n<p style=\"text-align: justify;\"><img loading=\"lazy\" decoding=\"async\" class=\" wp-image-224 alignright\" src=\"http:\/\/www.artbelova.com\/wp-content\/uploads\/2024\/05\/HeinekenDispayLed-242x300.jpg\" alt=\"\" width=\"213\" height=\"264\" srcset=\"https:\/\/www.artbelova.com\/wp-content\/uploads\/2024\/05\/HeinekenDispayLed-242x300.jpg 242w, https:\/\/www.artbelova.com\/wp-content\/uploads\/2024\/05\/HeinekenDispayLed.jpg 644w\" sizes=\"auto, (max-width: 213px) 100vw, 213px\" \/>Grazie agli studi accademici, ho potuto approfondire le mie conoscenze e affinare le mie abilit\u00e0 nel campo del design industriale. Questa decisione mi ha aperto le porte a un mondo di possibilit\u00e0, e mi ha permesso di lavorare su progetti entusiasmanti per aziende di fama mondiale.<\/p>\n<p style=\"text-align: justify;\">Una delle mie specializzazioni \u00e8 quella della progettazione di espositori e sistemi per la promozione di nuovi prodotti. Trovo estremamente gratificante creare soluzioni che non solo valorizzino i prodotti stessi, ma che raccontino anche la loro storia e catturino l&#8217;attenzione del pubblico.<\/p>\n<p style=\"text-align: justify;\"><img loading=\"lazy\" decoding=\"async\" class=\" wp-image-225 alignleft\" src=\"http:\/\/www.artbelova.com\/wp-content\/uploads\/2024\/05\/Marlboro-300x300.jpg\" alt=\"\" width=\"239\" height=\"239\" srcset=\"https:\/\/www.artbelova.com\/wp-content\/uploads\/2024\/05\/Marlboro-300x300.jpg 300w, https:\/\/www.artbelova.com\/wp-content\/uploads\/2024\/05\/Marlboro-150x150.jpg 150w, https:\/\/www.artbelova.com\/wp-content\/uploads\/2024\/05\/Marlboro-768x768.jpg 768w, https:\/\/www.artbelova.com\/wp-content\/uploads\/2024\/05\/Marlboro.jpg 920w\" sizes=\"auto, (max-width: 239px) 100vw, 239px\" \/>Inoltre, ho avuto l&#8217;opportunit\u00e0 di lavorare su concept particolari per realizzazioni luminose di ponti e citt\u00e0. Questi progetti mi permettono di unire la mia passione per l&#8217;arte e il design con la sfida tecnica di creare soluzioni innovative e suggestive che trasformano gli spazi urbani in vere e proprie opere d&#8217;arte luminose. Ogni progetto luminoso \u00e8 una sfida emozionante, dove la mia creativit\u00e0 si mescola con le esigenze pratiche e estetiche dell&#8217;ambiente circostante. Trovo grande soddisfazione nel vedere le mie idee prendere vita e nel contribuire a rendere le citt\u00e0 pi\u00f9 belle e accoglienti per i loro abitanti e i visitatori.<\/p>\n<p style=\"text-align: justify;\"><img loading=\"lazy\" decoding=\"async\" class=\"size-medium wp-image-229 alignright\" src=\"http:\/\/www.artbelova.com\/wp-content\/uploads\/2024\/05\/Ponte_P1130694_1-300x198.jpg\" alt=\"\" width=\"300\" height=\"198\" srcset=\"https:\/\/www.artbelova.com\/wp-content\/uploads\/2024\/05\/Ponte_P1130694_1-300x198.jpg 300w, https:\/\/www.artbelova.com\/wp-content\/uploads\/2024\/05\/Ponte_P1130694_1.jpg 600w\" sizes=\"auto, (max-width: 300px) 100vw, 300px\" \/>Il mio percorso professionale \u00e8 stato un viaggio emozionante e gratificante, e non vedo l&#8217;ora di continuare a creare e innovare nel mondo del design industriale. Sono grata per le opportunit\u00e0 che ho avuto e per il sostegno che ho ricevuto lungo il mio cammino.<\/p>    <\/div>\n<\/div>\n<!-- \/module text -->        <\/div>\n                        <\/div>\n        <\/div>\n        <\/div>\n<!--\/themify_builder_content-->","protected":false},"excerpt":{"rendered":"<p>Design<\/p>\n","protected":false},"author":1,"featured_media":0,"parent":0,"menu_order":0,"comment_status":"closed","ping_status":"closed","template":"","meta":{"site-sidebar-layout":"default","site-content-layout":"","ast-site-content-layout":"default","site-content-style":"default","site-sidebar-style":"default","ast-global-header-display":"","ast-banner-title-visibility":"","ast-main-header-display":"","ast-hfb-above-header-display":"","ast-hfb-below-header-display":"","ast-hfb-mobile-header-display":"","site-post-title":"","ast-breadcrumbs-content":"","ast-featured-img":"","footer-sml-layout":"","ast-disable-related-posts":"","theme-transparent-header-meta":"","adv-header-id-meta":"","stick-header-meta":"","header-above-stick-meta":"","header-main-stick-meta":"","header-below-stick-meta":"","astra-migrate-meta-layouts":"default","ast-page-background-enabled":"default","ast-page-background-meta":{"desktop":{"background-color":"var(--ast-global-color-4)","background-image":"","background-repeat":"repeat","background-position":"center center","background-size":"auto","background-attachment":"scroll","background-type":"","background-media":"","overlay-type":"","overlay-color":"","overlay-opacity":"","overlay-gradient":""},"tablet":{"background-color":"","background-image":"","background-repeat":"repeat","background-position":"center center","background-size":"auto","background-attachment":"scroll","background-type":"","background-media":"","overlay-type":"","overlay-color":"","overlay-opacity":"","overlay-gradient":""},"mobile":{"background-color":"","background-image":"","background-repeat":"repeat","background-position":"center center","background-size":"auto","background-attachment":"scroll","background-type":"","background-media":"","overlay-type":"","overlay-color":"","overlay-opacity":"","overlay-gradient":""}},"ast-content-background-meta":{"desktop":{"background-color":"var(--ast-global-color-5)","background-image":"","background-repeat":"repeat","background-position":"center center","background-size":"auto","background-attachment":"scroll","background-type":"","background-media":"","overlay-type":"","overlay-color":"","overlay-opacity":"","overlay-gradient":""},"tablet":{"background-color":"var(--ast-global-color-5)","background-image":"","background-repeat":"repeat","background-position":"center center","background-size":"auto","background-attachment":"scroll","background-type":"","background-media":"","overlay-type":"","overlay-color":"","overlay-opacity":"","overlay-gradient":""},"mobile":{"background-color":"var(--ast-global-color-5)","background-image":"","background-repeat":"repeat","background-position":"center center","background-size":"auto","background-attachment":"scroll","background-type":"","background-media":"","overlay-type":"","overlay-color":"","overlay-opacity":"","overlay-gradient":""}},"footnotes":""},"class_list":["post-77","page","type-page","status-publish","hentry"],"yoast_head":"<!-- This site is optimized with the Yoast SEO plugin v27.5 - https:\/\/yoast.com\/product\/yoast-seo-wordpress\/ -->\n<title>Design - ArtBelova<\/title>\n<meta name=\"robots\" content=\"index, follow, max-snippet:-1, max-image-preview:large, max-video-preview:-1\" \/>\n<link rel=\"canonical\" href=\"https:\/\/www.artbelova.com\/index.php\/design\/\" \/>\n<meta property=\"og:locale\" content=\"en_US\" \/>\n<meta property=\"og:type\" content=\"article\" \/>\n<meta property=\"og:title\" content=\"Design - ArtBelova\" \/>\n<meta property=\"og:description\" content=\"Design\" \/>\n<meta property=\"og:url\" content=\"https:\/\/www.artbelova.com\/index.php\/design\/\" \/>\n<meta property=\"og:site_name\" content=\"ArtBelova\" \/>\n<meta property=\"article:modified_time\" content=\"2024-05-02T09:56:28+00:00\" \/>\n<meta property=\"og:image\" content=\"http:\/\/www.artbelova.com\/wp-content\/uploads\/2024\/05\/Martel_StendLed-300x194.jpg\" \/>\n<meta name=\"twitter:card\" content=\"summary_large_image\" \/>\n<meta name=\"twitter:label1\" content=\"Est. reading time\" \/>\n\t<meta name=\"twitter:data1\" content=\"1 minute\" \/>\n<script type=\"application\/ld+json\" class=\"yoast-schema-graph\">{\"@context\":\"https:\\\/\\\/schema.org\",\"@graph\":[{\"@type\":\"WebPage\",\"@id\":\"https:\\\/\\\/www.artbelova.com\\\/index.php\\\/design\\\/\",\"url\":\"https:\\\/\\\/www.artbelova.com\\\/index.php\\\/design\\\/\",\"name\":\"Design - ArtBelova\",\"isPartOf\":{\"@id\":\"https:\\\/\\\/www.artbelova.com\\\/#website\"},\"primaryImageOfPage\":{\"@id\":\"https:\\\/\\\/www.artbelova.com\\\/index.php\\\/design\\\/#primaryimage\"},\"image\":{\"@id\":\"https:\\\/\\\/www.artbelova.com\\\/index.php\\\/design\\\/#primaryimage\"},\"thumbnailUrl\":\"http:\\\/\\\/www.artbelova.com\\\/wp-content\\\/uploads\\\/2024\\\/05\\\/Martel_StendLed-300x194.jpg\",\"datePublished\":\"2024-04-25T11:28:31+00:00\",\"dateModified\":\"2024-05-02T09:56:28+00:00\",\"breadcrumb\":{\"@id\":\"https:\\\/\\\/www.artbelova.com\\\/index.php\\\/design\\\/#breadcrumb\"},\"inLanguage\":\"en-US\",\"potentialAction\":[{\"@type\":\"ReadAction\",\"target\":[\"https:\\\/\\\/www.artbelova.com\\\/index.php\\\/design\\\/\"]}]},{\"@type\":\"ImageObject\",\"inLanguage\":\"en-US\",\"@id\":\"https:\\\/\\\/www.artbelova.com\\\/index.php\\\/design\\\/#primaryimage\",\"url\":\"https:\\\/\\\/www.artbelova.com\\\/wp-content\\\/uploads\\\/2024\\\/05\\\/Martel_StendLed.jpg\",\"contentUrl\":\"https:\\\/\\\/www.artbelova.com\\\/wp-content\\\/uploads\\\/2024\\\/05\\\/Martel_StendLed.jpg\",\"width\":800,\"height\":518},{\"@type\":\"BreadcrumbList\",\"@id\":\"https:\\\/\\\/www.artbelova.com\\\/index.php\\\/design\\\/#breadcrumb\",\"itemListElement\":[{\"@type\":\"ListItem\",\"position\":1,\"name\":\"Home\",\"item\":\"https:\\\/\\\/www.artbelova.com\\\/\"},{\"@type\":\"ListItem\",\"position\":2,\"name\":\"Design\"}]},{\"@type\":\"WebSite\",\"@id\":\"https:\\\/\\\/www.artbelova.com\\\/#website\",\"url\":\"https:\\\/\\\/www.artbelova.com\\\/\",\"name\":\"ArtBelova\",\"description\":\"by Mariia Belova\",\"publisher\":{\"@id\":\"https:\\\/\\\/www.artbelova.com\\\/#\\\/schema\\\/person\\\/9f862a8c5d1890dd56f9b25032765428\"},\"potentialAction\":[{\"@type\":\"SearchAction\",\"target\":{\"@type\":\"EntryPoint\",\"urlTemplate\":\"https:\\\/\\\/www.artbelova.com\\\/?s={search_term_string}\"},\"query-input\":{\"@type\":\"PropertyValueSpecification\",\"valueRequired\":true,\"valueName\":\"search_term_string\"}}],\"inLanguage\":\"en-US\"},{\"@type\":[\"Person\",\"Organization\"],\"@id\":\"https:\\\/\\\/www.artbelova.com\\\/#\\\/schema\\\/person\\\/9f862a8c5d1890dd56f9b25032765428\",\"name\":\"Mariia Belova\",\"image\":{\"@type\":\"ImageObject\",\"inLanguage\":\"en-US\",\"@id\":\"http:\\\/\\\/www.artbelova.com\\\/wp-content\\\/uploads\\\/2024\\\/04\\\/art-Belova-Logo_trans.png\",\"url\":\"http:\\\/\\\/www.artbelova.com\\\/wp-content\\\/uploads\\\/2024\\\/04\\\/art-Belova-Logo_trans.png\",\"contentUrl\":\"http:\\\/\\\/www.artbelova.com\\\/wp-content\\\/uploads\\\/2024\\\/04\\\/art-Belova-Logo_trans.png\",\"width\":486,\"height\":162,\"caption\":\"Mariia Belova\"},\"logo\":{\"@id\":\"http:\\\/\\\/www.artbelova.com\\\/wp-content\\\/uploads\\\/2024\\\/04\\\/art-Belova-Logo_trans.png\"},\"sameAs\":[\"http:\\\/\\\/www.artbelova.com\"]}]}<\/script>\n<!-- \/ Yoast SEO plugin. -->","yoast_head_json":{"title":"Design - ArtBelova","robots":{"index":"index","follow":"follow","max-snippet":"max-snippet:-1","max-image-preview":"max-image-preview:large","max-video-preview":"max-video-preview:-1"},"canonical":"https:\/\/www.artbelova.com\/index.php\/design\/","og_locale":"en_US","og_type":"article","og_title":"Design - ArtBelova","og_description":"Design","og_url":"https:\/\/www.artbelova.com\/index.php\/design\/","og_site_name":"ArtBelova","article_modified_time":"2024-05-02T09:56:28+00:00","og_image":[{"url":"http:\/\/www.artbelova.com\/wp-content\/uploads\/2024\/05\/Martel_StendLed-300x194.jpg","type":"","width":"","height":""}],"twitter_card":"summary_large_image","twitter_misc":{"Est. reading time":"1 minute"},"schema":{"@context":"https:\/\/schema.org","@graph":[{"@type":"WebPage","@id":"https:\/\/www.artbelova.com\/index.php\/design\/","url":"https:\/\/www.artbelova.com\/index.php\/design\/","name":"Design - ArtBelova","isPartOf":{"@id":"https:\/\/www.artbelova.com\/#website"},"primaryImageOfPage":{"@id":"https:\/\/www.artbelova.com\/index.php\/design\/#primaryimage"},"image":{"@id":"https:\/\/www.artbelova.com\/index.php\/design\/#primaryimage"},"thumbnailUrl":"http:\/\/www.artbelova.com\/wp-content\/uploads\/2024\/05\/Martel_StendLed-300x194.jpg","datePublished":"2024-04-25T11:28:31+00:00","dateModified":"2024-05-02T09:56:28+00:00","breadcrumb":{"@id":"https:\/\/www.artbelova.com\/index.php\/design\/#breadcrumb"},"inLanguage":"en-US","potentialAction":[{"@type":"ReadAction","target":["https:\/\/www.artbelova.com\/index.php\/design\/"]}]},{"@type":"ImageObject","inLanguage":"en-US","@id":"https:\/\/www.artbelova.com\/index.php\/design\/#primaryimage","url":"https:\/\/www.artbelova.com\/wp-content\/uploads\/2024\/05\/Martel_StendLed.jpg","contentUrl":"https:\/\/www.artbelova.com\/wp-content\/uploads\/2024\/05\/Martel_StendLed.jpg","width":800,"height":518},{"@type":"BreadcrumbList","@id":"https:\/\/www.artbelova.com\/index.php\/design\/#breadcrumb","itemListElement":[{"@type":"ListItem","position":1,"name":"Home","item":"https:\/\/www.artbelova.com\/"},{"@type":"ListItem","position":2,"name":"Design"}]},{"@type":"WebSite","@id":"https:\/\/www.artbelova.com\/#website","url":"https:\/\/www.artbelova.com\/","name":"ArtBelova","description":"by Mariia Belova","publisher":{"@id":"https:\/\/www.artbelova.com\/#\/schema\/person\/9f862a8c5d1890dd56f9b25032765428"},"potentialAction":[{"@type":"SearchAction","target":{"@type":"EntryPoint","urlTemplate":"https:\/\/www.artbelova.com\/?s={search_term_string}"},"query-input":{"@type":"PropertyValueSpecification","valueRequired":true,"valueName":"search_term_string"}}],"inLanguage":"en-US"},{"@type":["Person","Organization"],"@id":"https:\/\/www.artbelova.com\/#\/schema\/person\/9f862a8c5d1890dd56f9b25032765428","name":"Mariia Belova","image":{"@type":"ImageObject","inLanguage":"en-US","@id":"http:\/\/www.artbelova.com\/wp-content\/uploads\/2024\/04\/art-Belova-Logo_trans.png","url":"http:\/\/www.artbelova.com\/wp-content\/uploads\/2024\/04\/art-Belova-Logo_trans.png","contentUrl":"http:\/\/www.artbelova.com\/wp-content\/uploads\/2024\/04\/art-Belova-Logo_trans.png","width":486,"height":162,"caption":"Mariia Belova"},"logo":{"@id":"http:\/\/www.artbelova.com\/wp-content\/uploads\/2024\/04\/art-Belova-Logo_trans.png"},"sameAs":["http:\/\/www.artbelova.com"]}]}},"builder_content":"<p style=\"text-align: justify;\"><img loading=\"lazy\" decoding=\"async\" src=\"http:\/\/www.artbelova.com\/wp-content\/uploads\/2024\/05\/Martel_StendLed-300x194.jpg\" alt=\"\" width=\"249\" height=\"161\" srcset=\"https:\/\/www.artbelova.com\/wp-content\/uploads\/2024\/05\/Martel_StendLed-300x194.jpg 300w, https:\/\/www.artbelova.com\/wp-content\/uploads\/2024\/05\/Martel_StendLed-768x497.jpg 768w, https:\/\/www.artbelova.com\/wp-content\/uploads\/2024\/05\/Martel_StendLed.jpg 800w\" sizes=\"auto, (max-width: 249px) 100vw, 249px\" \/>Il mio lavoro principale \u00e8 quello di designer industriale con una passione innata per l'arte e la creativit\u00e0. Crescendo, ho trascorso le mie giornate a disegnare e a esplorare nuove forme di espressione artistica, finch\u00e9 ho deciso di seguire il mio cuore e frequentare l'accademia artistica.<\/p> <p style=\"text-align: justify;\"><img loading=\"lazy\" decoding=\"async\" src=\"http:\/\/www.artbelova.com\/wp-content\/uploads\/2024\/05\/HeinekenDispayLed-242x300.jpg\" alt=\"\" width=\"213\" height=\"264\" srcset=\"https:\/\/www.artbelova.com\/wp-content\/uploads\/2024\/05\/HeinekenDispayLed-242x300.jpg 242w, https:\/\/www.artbelova.com\/wp-content\/uploads\/2024\/05\/HeinekenDispayLed.jpg 644w\" sizes=\"auto, (max-width: 213px) 100vw, 213px\" \/>Grazie agli studi accademici, ho potuto approfondire le mie conoscenze e affinare le mie abilit\u00e0 nel campo del design industriale. Questa decisione mi ha aperto le porte a un mondo di possibilit\u00e0, e mi ha permesso di lavorare su progetti entusiasmanti per aziende di fama mondiale.<\/p> <p style=\"text-align: justify;\">Una delle mie specializzazioni \u00e8 quella della progettazione di espositori e sistemi per la promozione di nuovi prodotti. Trovo estremamente gratificante creare soluzioni che non solo valorizzino i prodotti stessi, ma che raccontino anche la loro storia e catturino l'attenzione del pubblico.<\/p> <p style=\"text-align: justify;\"><img loading=\"lazy\" decoding=\"async\" src=\"http:\/\/www.artbelova.com\/wp-content\/uploads\/2024\/05\/Marlboro-300x300.jpg\" alt=\"\" width=\"239\" height=\"239\" srcset=\"https:\/\/www.artbelova.com\/wp-content\/uploads\/2024\/05\/Marlboro-300x300.jpg 300w, https:\/\/www.artbelova.com\/wp-content\/uploads\/2024\/05\/Marlboro-150x150.jpg 150w, https:\/\/www.artbelova.com\/wp-content\/uploads\/2024\/05\/Marlboro-768x768.jpg 768w, https:\/\/www.artbelova.com\/wp-content\/uploads\/2024\/05\/Marlboro.jpg 920w\" sizes=\"auto, (max-width: 239px) 100vw, 239px\" \/>Inoltre, ho avuto l'opportunit\u00e0 di lavorare su concept particolari per realizzazioni luminose di ponti e citt\u00e0. Questi progetti mi permettono di unire la mia passione per l'arte e il design con la sfida tecnica di creare soluzioni innovative e suggestive che trasformano gli spazi urbani in vere e proprie opere d'arte luminose. Ogni progetto luminoso \u00e8 una sfida emozionante, dove la mia creativit\u00e0 si mescola con le esigenze pratiche e estetiche dell'ambiente circostante. Trovo grande soddisfazione nel vedere le mie idee prendere vita e nel contribuire a rendere le citt\u00e0 pi\u00f9 belle e accoglienti per i loro abitanti e i visitatori.<\/p> <p style=\"text-align: justify;\"><img loading=\"lazy\" decoding=\"async\" src=\"http:\/\/www.artbelova.com\/wp-content\/uploads\/2024\/05\/Ponte_P1130694_1-300x198.jpg\" alt=\"\" width=\"300\" height=\"198\" srcset=\"https:\/\/www.artbelova.com\/wp-content\/uploads\/2024\/05\/Ponte_P1130694_1-300x198.jpg 300w, https:\/\/www.artbelova.com\/wp-content\/uploads\/2024\/05\/Ponte_P1130694_1.jpg 600w\" sizes=\"auto, (max-width: 300px) 100vw, 300px\" \/>Il mio percorso professionale \u00e8 stato un viaggio emozionante e gratificante, e non vedo l'ora di continuare a creare e innovare nel mondo del design industriale. Sono grata per le opportunit\u00e0 che ho avuto e per il sostegno che ho ricevuto lungo il mio cammino.<\/p>","_links":{"self":[{"href":"https:\/\/www.artbelova.com\/index.php\/wp-json\/wp\/v2\/pages\/77","targetHints":{"allow":["GET"]}}],"collection":[{"href":"https:\/\/www.artbelova.com\/index.php\/wp-json\/wp\/v2\/pages"}],"about":[{"href":"https:\/\/www.artbelova.com\/index.php\/wp-json\/wp\/v2\/types\/page"}],"author":[{"embeddable":true,"href":"https:\/\/www.artbelova.com\/index.php\/wp-json\/wp\/v2\/users\/1"}],"replies":[{"embeddable":true,"href":"https:\/\/www.artbelova.com\/index.php\/wp-json\/wp\/v2\/comments?post=77"}],"version-history":[{"count":6,"href":"https:\/\/www.artbelova.com\/index.php\/wp-json\/wp\/v2\/pages\/77\/revisions"}],"predecessor-version":[{"id":232,"href":"https:\/\/www.artbelova.com\/index.php\/wp-json\/wp\/v2\/pages\/77\/revisions\/232"}],"wp:attachment":[{"href":"https:\/\/www.artbelova.com\/index.php\/wp-json\/wp\/v2\/media?parent=77"}],"curies":[{"name":"wp","href":"https:\/\/api.w.org\/{rel}","templated":true}]}}