{"id":75,"date":"2024-04-25T11:28:04","date_gmt":"2024-04-25T11:28:04","guid":{"rendered":"http:\/\/www.artbelova.com\/?page_id=75"},"modified":"2024-05-02T09:05:24","modified_gmt":"2024-05-02T09:05:24","slug":"pittura","status":"publish","type":"page","link":"https:\/\/www.artbelova.com\/index.php\/pittura\/","title":{"rendered":"Pittura"},"content":{"rendered":"<h1 style=\"text-align: right;\"><strong><em>Pittura e Disegno<\/em><\/strong><\/h1>\n\n<!--themify_builder_content-->\n<div id=\"themify_builder_content-75\" data-postid=\"75\" class=\"themify_builder_content themify_builder_content-75 themify_builder tf_clear\">\n                    <div  data-lazy=\"1\" class=\"module_row themify_builder_row tb_j2an96 tb_first tf_w\">\n                        <div class=\"row_inner col_align_top tb_col_count_1 tf_box tf_rel\">\n                        <div  data-lazy=\"1\" class=\"module_column tb-column col-full tb_kfh097 first\">\n                    <!-- module text -->\n<div  class=\"module module-text tb_j3fs554   \" data-lazy=\"1\">\n        <div  class=\"tb_text_wrap\">\n        <p style=\"text-align: justify;\"><img loading=\"lazy\" decoding=\"async\" class=\"size-medium wp-image-219 alignright\" src=\"http:\/\/www.artbelova.com\/wp-content\/uploads\/2024\/05\/017-Disegno-212x300.jpg\" alt=\"\" width=\"212\" height=\"300\" srcset=\"https:\/\/www.artbelova.com\/wp-content\/uploads\/2024\/05\/017-Disegno-212x300.jpg 212w, https:\/\/www.artbelova.com\/wp-content\/uploads\/2024\/05\/017-Disegno.jpg 565w\" sizes=\"auto, (max-width: 212px) 100vw, 212px\" \/>L&#8217;arte \u00e8 stata parte integrante della mia vita fin da quando ho potuto impugnare un pennello. Crescendo vicino ad una famiglia di artisti, ho avuto la fortuna di essere immersa nell&#8217;atmosfera creativa fin dalla pi\u00f9 tenera et\u00e0. L&#8217;amore per l&#8217;arte \u00e8 stato il mio compagno di viaggio fin dai primi tratti di matita, e ho coltivato questa passione fin dalle prime esperienze accademiche.<\/p>\n<p style=\"text-align: justify;\">Dopo aver frequentato l&#8217;accademia artistica, ho deciso di dedicare la mia vita all&#8217;esplorazione delle infinite sfaccettature dell&#8217;arte. Utilizzando una vasta gamma di tecniche, dalla pittura ad olio al carboncino, dall&#8217;acquerello al guazzo, dal tratto a penna al pennarello e alla china, ho ampliato costantemente il mio repertorio artistico, lasciando che la mia creativit\u00e0 si esprimesse in forme diverse e suggestive.<\/p>\n<p style=\"text-align: justify;\"><img loading=\"lazy\" decoding=\"async\" class=\" wp-image-220 alignleft\" src=\"http:\/\/www.artbelova.com\/wp-content\/uploads\/2024\/05\/020-1-212x300.jpg\" alt=\"\" width=\"182\" height=\"257\" srcset=\"https:\/\/www.artbelova.com\/wp-content\/uploads\/2024\/05\/020-1-212x300.jpg 212w, https:\/\/www.artbelova.com\/wp-content\/uploads\/2024\/05\/020-1.jpg 565w\" sizes=\"auto, (max-width: 182px) 100vw, 182px\" \/>La variet\u00e0 delle mie tecniche mi ha permesso di affrontare ogni progetto con una mente aperta e una flessibilit\u00e0 senza limiti. Mi piace sperimentare con la tecnica mista e lo sketching, mescolando stili e materiali per creare opere che siano vere e proprie celebrazioni della diversit\u00e0 e della complessit\u00e0 dell&#8217;arte.<\/p>\n<p style=\"text-align: justify;\">Una delle cose che amo di pi\u00f9 del mio lavoro \u00e8 la possibilit\u00e0 di collaborare con le persone e di creare opere su misura per soddisfare le loro esigenze e i loro desideri. Riesco sempre a trovare ispirazione nelle storie e nelle emozioni delle persone che mi circondano, e questo mi spinge a superare costantemente i limiti della mia creativit\u00e0.<\/p>\n<p style=\"text-align: justify;\"><img loading=\"lazy\" decoding=\"async\" class=\" wp-image-221 alignright\" src=\"http:\/\/www.artbelova.com\/wp-content\/uploads\/2024\/05\/040-212x300.jpg\" alt=\"\" width=\"171\" height=\"242\" srcset=\"https:\/\/www.artbelova.com\/wp-content\/uploads\/2024\/05\/040-212x300.jpg 212w, https:\/\/www.artbelova.com\/wp-content\/uploads\/2024\/05\/040.jpg 565w\" sizes=\"auto, (max-width: 171px) 100vw, 171px\" \/>Sono grata per il privilegio di poter condividere la mia passione con gli altri e di poter trasformare le loro idee in realt\u00e0 attraverso l&#8217;arte. Ogni nuovo progetto \u00e8 una sfida e un&#8217;opportunit\u00e0 per sorprendere e stupire le persone, e non vedo l&#8217;ora di continuare questo viaggio artistico insieme a voi. Grazie per avermi dato l&#8217;opportunit\u00e0 di far parte della vostra storia attraverso l&#8217;arte.<\/p>    <\/div>\n<\/div>\n<!-- \/module text -->        <\/div>\n                        <\/div>\n        <\/div>\n        <\/div>\n<!--\/themify_builder_content-->","protected":false},"excerpt":{"rendered":"<p>Pittura e Disegno<\/p>\n","protected":false},"author":1,"featured_media":0,"parent":0,"menu_order":0,"comment_status":"closed","ping_status":"closed","template":"","meta":{"site-sidebar-layout":"default","site-content-layout":"","ast-site-content-layout":"default","site-content-style":"default","site-sidebar-style":"default","ast-global-header-display":"","ast-banner-title-visibility":"","ast-main-header-display":"","ast-hfb-above-header-display":"","ast-hfb-below-header-display":"","ast-hfb-mobile-header-display":"","site-post-title":"","ast-breadcrumbs-content":"","ast-featured-img":"","footer-sml-layout":"","ast-disable-related-posts":"","theme-transparent-header-meta":"","adv-header-id-meta":"","stick-header-meta":"","header-above-stick-meta":"","header-main-stick-meta":"","header-below-stick-meta":"","astra-migrate-meta-layouts":"default","ast-page-background-enabled":"default","ast-page-background-meta":{"desktop":{"background-color":"var(--ast-global-color-4)","background-image":"","background-repeat":"repeat","background-position":"center center","background-size":"auto","background-attachment":"scroll","background-type":"","background-media":"","overlay-type":"","overlay-color":"","overlay-opacity":"","overlay-gradient":""},"tablet":{"background-color":"","background-image":"","background-repeat":"repeat","background-position":"center center","background-size":"auto","background-attachment":"scroll","background-type":"","background-media":"","overlay-type":"","overlay-color":"","overlay-opacity":"","overlay-gradient":""},"mobile":{"background-color":"","background-image":"","background-repeat":"repeat","background-position":"center center","background-size":"auto","background-attachment":"scroll","background-type":"","background-media":"","overlay-type":"","overlay-color":"","overlay-opacity":"","overlay-gradient":""}},"ast-content-background-meta":{"desktop":{"background-color":"var(--ast-global-color-5)","background-image":"","background-repeat":"repeat","background-position":"center center","background-size":"auto","background-attachment":"scroll","background-type":"","background-media":"","overlay-type":"","overlay-color":"","overlay-opacity":"","overlay-gradient":""},"tablet":{"background-color":"var(--ast-global-color-5)","background-image":"","background-repeat":"repeat","background-position":"center center","background-size":"auto","background-attachment":"scroll","background-type":"","background-media":"","overlay-type":"","overlay-color":"","overlay-opacity":"","overlay-gradient":""},"mobile":{"background-color":"var(--ast-global-color-5)","background-image":"","background-repeat":"repeat","background-position":"center center","background-size":"auto","background-attachment":"scroll","background-type":"","background-media":"","overlay-type":"","overlay-color":"","overlay-opacity":"","overlay-gradient":""}},"footnotes":""},"class_list":["post-75","page","type-page","status-publish","hentry"],"yoast_head":"<!-- This site is optimized with the Yoast SEO plugin v27.5 - https:\/\/yoast.com\/product\/yoast-seo-wordpress\/ -->\n<title>Pittura - ArtBelova<\/title>\n<meta name=\"robots\" content=\"index, follow, max-snippet:-1, max-image-preview:large, max-video-preview:-1\" \/>\n<link rel=\"canonical\" href=\"https:\/\/www.artbelova.com\/index.php\/pittura\/\" \/>\n<meta property=\"og:locale\" content=\"en_US\" \/>\n<meta property=\"og:type\" content=\"article\" \/>\n<meta property=\"og:title\" content=\"Pittura - ArtBelova\" \/>\n<meta property=\"og:description\" content=\"Pittura e Disegno\" \/>\n<meta property=\"og:url\" content=\"https:\/\/www.artbelova.com\/index.php\/pittura\/\" \/>\n<meta property=\"og:site_name\" content=\"ArtBelova\" \/>\n<meta property=\"article:modified_time\" content=\"2024-05-02T09:05:24+00:00\" \/>\n<meta property=\"og:image\" content=\"http:\/\/www.artbelova.com\/wp-content\/uploads\/2024\/05\/017-Disegno-212x300.jpg\" \/>\n<meta name=\"twitter:card\" content=\"summary_large_image\" \/>\n<meta name=\"twitter:label1\" content=\"Est. reading time\" \/>\n\t<meta name=\"twitter:data1\" content=\"1 minute\" \/>\n<script type=\"application\/ld+json\" class=\"yoast-schema-graph\">{\"@context\":\"https:\\\/\\\/schema.org\",\"@graph\":[{\"@type\":\"WebPage\",\"@id\":\"https:\\\/\\\/www.artbelova.com\\\/index.php\\\/pittura\\\/\",\"url\":\"https:\\\/\\\/www.artbelova.com\\\/index.php\\\/pittura\\\/\",\"name\":\"Pittura - ArtBelova\",\"isPartOf\":{\"@id\":\"https:\\\/\\\/www.artbelova.com\\\/#website\"},\"primaryImageOfPage\":{\"@id\":\"https:\\\/\\\/www.artbelova.com\\\/index.php\\\/pittura\\\/#primaryimage\"},\"image\":{\"@id\":\"https:\\\/\\\/www.artbelova.com\\\/index.php\\\/pittura\\\/#primaryimage\"},\"thumbnailUrl\":\"http:\\\/\\\/www.artbelova.com\\\/wp-content\\\/uploads\\\/2024\\\/05\\\/017-Disegno-212x300.jpg\",\"datePublished\":\"2024-04-25T11:28:04+00:00\",\"dateModified\":\"2024-05-02T09:05:24+00:00\",\"breadcrumb\":{\"@id\":\"https:\\\/\\\/www.artbelova.com\\\/index.php\\\/pittura\\\/#breadcrumb\"},\"inLanguage\":\"en-US\",\"potentialAction\":[{\"@type\":\"ReadAction\",\"target\":[\"https:\\\/\\\/www.artbelova.com\\\/index.php\\\/pittura\\\/\"]}]},{\"@type\":\"ImageObject\",\"inLanguage\":\"en-US\",\"@id\":\"https:\\\/\\\/www.artbelova.com\\\/index.php\\\/pittura\\\/#primaryimage\",\"url\":\"https:\\\/\\\/www.artbelova.com\\\/wp-content\\\/uploads\\\/2024\\\/05\\\/017-Disegno.jpg\",\"contentUrl\":\"https:\\\/\\\/www.artbelova.com\\\/wp-content\\\/uploads\\\/2024\\\/05\\\/017-Disegno.jpg\",\"width\":565,\"height\":800},{\"@type\":\"BreadcrumbList\",\"@id\":\"https:\\\/\\\/www.artbelova.com\\\/index.php\\\/pittura\\\/#breadcrumb\",\"itemListElement\":[{\"@type\":\"ListItem\",\"position\":1,\"name\":\"Home\",\"item\":\"https:\\\/\\\/www.artbelova.com\\\/\"},{\"@type\":\"ListItem\",\"position\":2,\"name\":\"Pittura\"}]},{\"@type\":\"WebSite\",\"@id\":\"https:\\\/\\\/www.artbelova.com\\\/#website\",\"url\":\"https:\\\/\\\/www.artbelova.com\\\/\",\"name\":\"ArtBelova\",\"description\":\"by Mariia Belova\",\"publisher\":{\"@id\":\"https:\\\/\\\/www.artbelova.com\\\/#\\\/schema\\\/person\\\/9f862a8c5d1890dd56f9b25032765428\"},\"potentialAction\":[{\"@type\":\"SearchAction\",\"target\":{\"@type\":\"EntryPoint\",\"urlTemplate\":\"https:\\\/\\\/www.artbelova.com\\\/?s={search_term_string}\"},\"query-input\":{\"@type\":\"PropertyValueSpecification\",\"valueRequired\":true,\"valueName\":\"search_term_string\"}}],\"inLanguage\":\"en-US\"},{\"@type\":[\"Person\",\"Organization\"],\"@id\":\"https:\\\/\\\/www.artbelova.com\\\/#\\\/schema\\\/person\\\/9f862a8c5d1890dd56f9b25032765428\",\"name\":\"Mariia Belova\",\"image\":{\"@type\":\"ImageObject\",\"inLanguage\":\"en-US\",\"@id\":\"http:\\\/\\\/www.artbelova.com\\\/wp-content\\\/uploads\\\/2024\\\/04\\\/art-Belova-Logo_trans.png\",\"url\":\"http:\\\/\\\/www.artbelova.com\\\/wp-content\\\/uploads\\\/2024\\\/04\\\/art-Belova-Logo_trans.png\",\"contentUrl\":\"http:\\\/\\\/www.artbelova.com\\\/wp-content\\\/uploads\\\/2024\\\/04\\\/art-Belova-Logo_trans.png\",\"width\":486,\"height\":162,\"caption\":\"Mariia Belova\"},\"logo\":{\"@id\":\"http:\\\/\\\/www.artbelova.com\\\/wp-content\\\/uploads\\\/2024\\\/04\\\/art-Belova-Logo_trans.png\"},\"sameAs\":[\"http:\\\/\\\/www.artbelova.com\"]}]}<\/script>\n<!-- \/ Yoast SEO plugin. -->","yoast_head_json":{"title":"Pittura - ArtBelova","robots":{"index":"index","follow":"follow","max-snippet":"max-snippet:-1","max-image-preview":"max-image-preview:large","max-video-preview":"max-video-preview:-1"},"canonical":"https:\/\/www.artbelova.com\/index.php\/pittura\/","og_locale":"en_US","og_type":"article","og_title":"Pittura - ArtBelova","og_description":"Pittura e Disegno","og_url":"https:\/\/www.artbelova.com\/index.php\/pittura\/","og_site_name":"ArtBelova","article_modified_time":"2024-05-02T09:05:24+00:00","og_image":[{"url":"http:\/\/www.artbelova.com\/wp-content\/uploads\/2024\/05\/017-Disegno-212x300.jpg","type":"","width":"","height":""}],"twitter_card":"summary_large_image","twitter_misc":{"Est. reading time":"1 minute"},"schema":{"@context":"https:\/\/schema.org","@graph":[{"@type":"WebPage","@id":"https:\/\/www.artbelova.com\/index.php\/pittura\/","url":"https:\/\/www.artbelova.com\/index.php\/pittura\/","name":"Pittura - ArtBelova","isPartOf":{"@id":"https:\/\/www.artbelova.com\/#website"},"primaryImageOfPage":{"@id":"https:\/\/www.artbelova.com\/index.php\/pittura\/#primaryimage"},"image":{"@id":"https:\/\/www.artbelova.com\/index.php\/pittura\/#primaryimage"},"thumbnailUrl":"http:\/\/www.artbelova.com\/wp-content\/uploads\/2024\/05\/017-Disegno-212x300.jpg","datePublished":"2024-04-25T11:28:04+00:00","dateModified":"2024-05-02T09:05:24+00:00","breadcrumb":{"@id":"https:\/\/www.artbelova.com\/index.php\/pittura\/#breadcrumb"},"inLanguage":"en-US","potentialAction":[{"@type":"ReadAction","target":["https:\/\/www.artbelova.com\/index.php\/pittura\/"]}]},{"@type":"ImageObject","inLanguage":"en-US","@id":"https:\/\/www.artbelova.com\/index.php\/pittura\/#primaryimage","url":"https:\/\/www.artbelova.com\/wp-content\/uploads\/2024\/05\/017-Disegno.jpg","contentUrl":"https:\/\/www.artbelova.com\/wp-content\/uploads\/2024\/05\/017-Disegno.jpg","width":565,"height":800},{"@type":"BreadcrumbList","@id":"https:\/\/www.artbelova.com\/index.php\/pittura\/#breadcrumb","itemListElement":[{"@type":"ListItem","position":1,"name":"Home","item":"https:\/\/www.artbelova.com\/"},{"@type":"ListItem","position":2,"name":"Pittura"}]},{"@type":"WebSite","@id":"https:\/\/www.artbelova.com\/#website","url":"https:\/\/www.artbelova.com\/","name":"ArtBelova","description":"by Mariia Belova","publisher":{"@id":"https:\/\/www.artbelova.com\/#\/schema\/person\/9f862a8c5d1890dd56f9b25032765428"},"potentialAction":[{"@type":"SearchAction","target":{"@type":"EntryPoint","urlTemplate":"https:\/\/www.artbelova.com\/?s={search_term_string}"},"query-input":{"@type":"PropertyValueSpecification","valueRequired":true,"valueName":"search_term_string"}}],"inLanguage":"en-US"},{"@type":["Person","Organization"],"@id":"https:\/\/www.artbelova.com\/#\/schema\/person\/9f862a8c5d1890dd56f9b25032765428","name":"Mariia Belova","image":{"@type":"ImageObject","inLanguage":"en-US","@id":"http:\/\/www.artbelova.com\/wp-content\/uploads\/2024\/04\/art-Belova-Logo_trans.png","url":"http:\/\/www.artbelova.com\/wp-content\/uploads\/2024\/04\/art-Belova-Logo_trans.png","contentUrl":"http:\/\/www.artbelova.com\/wp-content\/uploads\/2024\/04\/art-Belova-Logo_trans.png","width":486,"height":162,"caption":"Mariia Belova"},"logo":{"@id":"http:\/\/www.artbelova.com\/wp-content\/uploads\/2024\/04\/art-Belova-Logo_trans.png"},"sameAs":["http:\/\/www.artbelova.com"]}]}},"builder_content":"<p style=\"text-align: justify;\"><img loading=\"lazy\" decoding=\"async\" src=\"http:\/\/www.artbelova.com\/wp-content\/uploads\/2024\/05\/017-Disegno-212x300.jpg\" alt=\"\" width=\"212\" height=\"300\" srcset=\"https:\/\/www.artbelova.com\/wp-content\/uploads\/2024\/05\/017-Disegno-212x300.jpg 212w, https:\/\/www.artbelova.com\/wp-content\/uploads\/2024\/05\/017-Disegno.jpg 565w\" sizes=\"auto, (max-width: 212px) 100vw, 212px\" \/>L'arte \u00e8 stata parte integrante della mia vita fin da quando ho potuto impugnare un pennello. Crescendo vicino ad una famiglia di artisti, ho avuto la fortuna di essere immersa nell'atmosfera creativa fin dalla pi\u00f9 tenera et\u00e0. L'amore per l'arte \u00e8 stato il mio compagno di viaggio fin dai primi tratti di matita, e ho coltivato questa passione fin dalle prime esperienze accademiche.<\/p> <p style=\"text-align: justify;\">Dopo aver frequentato l'accademia artistica, ho deciso di dedicare la mia vita all'esplorazione delle infinite sfaccettature dell'arte. Utilizzando una vasta gamma di tecniche, dalla pittura ad olio al carboncino, dall'acquerello al guazzo, dal tratto a penna al pennarello e alla china, ho ampliato costantemente il mio repertorio artistico, lasciando che la mia creativit\u00e0 si esprimesse in forme diverse e suggestive.<\/p> <p style=\"text-align: justify;\"><img loading=\"lazy\" decoding=\"async\" src=\"http:\/\/www.artbelova.com\/wp-content\/uploads\/2024\/05\/020-1-212x300.jpg\" alt=\"\" width=\"182\" height=\"257\" srcset=\"https:\/\/www.artbelova.com\/wp-content\/uploads\/2024\/05\/020-1-212x300.jpg 212w, https:\/\/www.artbelova.com\/wp-content\/uploads\/2024\/05\/020-1.jpg 565w\" sizes=\"auto, (max-width: 182px) 100vw, 182px\" \/>La variet\u00e0 delle mie tecniche mi ha permesso di affrontare ogni progetto con una mente aperta e una flessibilit\u00e0 senza limiti. Mi piace sperimentare con la tecnica mista e lo sketching, mescolando stili e materiali per creare opere che siano vere e proprie celebrazioni della diversit\u00e0 e della complessit\u00e0 dell'arte.<\/p> <p style=\"text-align: justify;\">Una delle cose che amo di pi\u00f9 del mio lavoro \u00e8 la possibilit\u00e0 di collaborare con le persone e di creare opere su misura per soddisfare le loro esigenze e i loro desideri. Riesco sempre a trovare ispirazione nelle storie e nelle emozioni delle persone che mi circondano, e questo mi spinge a superare costantemente i limiti della mia creativit\u00e0.<\/p> <p style=\"text-align: justify;\"><img loading=\"lazy\" decoding=\"async\" src=\"http:\/\/www.artbelova.com\/wp-content\/uploads\/2024\/05\/040-212x300.jpg\" alt=\"\" width=\"171\" height=\"242\" srcset=\"https:\/\/www.artbelova.com\/wp-content\/uploads\/2024\/05\/040-212x300.jpg 212w, https:\/\/www.artbelova.com\/wp-content\/uploads\/2024\/05\/040.jpg 565w\" sizes=\"auto, (max-width: 171px) 100vw, 171px\" \/>Sono grata per il privilegio di poter condividere la mia passione con gli altri e di poter trasformare le loro idee in realt\u00e0 attraverso l'arte. Ogni nuovo progetto \u00e8 una sfida e un'opportunit\u00e0 per sorprendere e stupire le persone, e non vedo l'ora di continuare questo viaggio artistico insieme a voi. Grazie per avermi dato l'opportunit\u00e0 di far parte della vostra storia attraverso l'arte.<\/p>","_links":{"self":[{"href":"https:\/\/www.artbelova.com\/index.php\/wp-json\/wp\/v2\/pages\/75","targetHints":{"allow":["GET"]}}],"collection":[{"href":"https:\/\/www.artbelova.com\/index.php\/wp-json\/wp\/v2\/pages"}],"about":[{"href":"https:\/\/www.artbelova.com\/index.php\/wp-json\/wp\/v2\/types\/page"}],"author":[{"embeddable":true,"href":"https:\/\/www.artbelova.com\/index.php\/wp-json\/wp\/v2\/users\/1"}],"replies":[{"embeddable":true,"href":"https:\/\/www.artbelova.com\/index.php\/wp-json\/wp\/v2\/comments?post=75"}],"version-history":[{"count":3,"href":"https:\/\/www.artbelova.com\/index.php\/wp-json\/wp\/v2\/pages\/75\/revisions"}],"predecessor-version":[{"id":223,"href":"https:\/\/www.artbelova.com\/index.php\/wp-json\/wp\/v2\/pages\/75\/revisions\/223"}],"wp:attachment":[{"href":"https:\/\/www.artbelova.com\/index.php\/wp-json\/wp\/v2\/media?parent=75"}],"curies":[{"name":"wp","href":"https:\/\/api.w.org\/{rel}","templated":true}]}}