{"id":240,"date":"2024-05-02T10:10:30","date_gmt":"2024-05-02T10:10:30","guid":{"rendered":"http:\/\/www.artbelova.com\/?page_id=240"},"modified":"2024-07-07T15:36:28","modified_gmt":"2024-07-07T15:36:28","slug":"news","status":"publish","type":"page","link":"https:\/\/www.artbelova.com\/index.php\/news\/","title":{"rendered":"News"},"content":{"rendered":"<!--themify_builder_content-->\n<div id=\"themify_builder_content-240\" data-postid=\"240\" class=\"themify_builder_content themify_builder_content-240 themify_builder tf_clear\">\n                    <div  data-lazy=\"1\" class=\"module_row themify_builder_row tb_4a64517 tb_first tf_w\">\n                        <div class=\"row_inner col_align_top tb_col_count_1 tf_box tf_rel\">\n                        <div  data-lazy=\"1\" class=\"module_column tb-column col-full tb_9q8f517 first\">\n                    <!-- module text -->\n<div  class=\"module module-text tb_3slf573   \" data-lazy=\"1\">\n        <div  class=\"tb_text_wrap\">\n        <p style=\"text-align: right;\"><span style=\"font-size: 32px;\"><em><strong>NEWS<\/strong><\/em><\/span><\/p>\n<p style=\"text-align: justify;\">Sono felice di darvi il benvenuto alla mia pagina dedicata alle novit\u00e0 e agli eventi in corso, passati e futuri.<\/p>\n<p style=\"text-align: justify;\">Qui troverete tutte le informazioni pi\u00f9 recenti su ci\u00f2 che sta accadendo nel nostro mondo &#8211; dalle ultime notizie sulle nuove iniziative e progetti in corso, ai resoconti degli eventi passati che hanno reso le nostre giornate indimenticabili.<\/p>\n<p style=\"text-align: justify;\">Ma non \u00e8 tutto! Siamo sempre un passo avanti, e vi terremo aggiornati su tutti gli eventi futuri in programma, cos\u00ec potrete pianificare le vostre partecipazioni e non perdervi nulla di ci\u00f2 che accade nel nostro ambiente.<\/p>\n<p style=\"text-align: justify;\">Restate sintonizzati per scoprire tutte le novit\u00e0 e gli eventi emozionanti che ci aspettano. Non vedo l&#8217;ora di condividere con voi momenti indimenticabili e esperienze straordinarie. Grazie per essere qui e per essere parte della nostra community!<\/p>    <\/div>\n<\/div>\n<!-- \/module text --><!-- module divider -->\n<div  class=\"module tf_mw module-divider tb_85tv756 solid   \" style=\"border-width: 1px;border-color: #000;margin-bottom: 30px;\" data-lazy=\"1\">\n    <\/div>\n<!-- \/module divider -->\n        <\/div>\n                        <\/div>\n        <\/div>\n                        <div  data-lazy=\"1\" class=\"module_row themify_builder_row tb_tecp182 tf_w\">\n                        <div class=\"row_inner col_align_top tb_col_count_1 tf_box tf_rel\">\n                        <div  data-lazy=\"1\" class=\"module_column tb-column col-full tb_p6y1182 first\">\n                    <!-- module post -->\n<div  class=\"module module-post tb_6p8f387 \">\n    <div  class=\"builder-posts-wrap loops-wrapper grid3 tf_clear tf_clearfix\" data-lazy=\"1\">\n    \n                    \n                    <article id=\"post-407\" class=\"post tf_clearfix post-407 type-post status-publish format-standard has-post-thumbnail hentry category-news\">\n\n                    \n                    \n                                <figure class=\"post-image\">\n                                                                        <a href=\"https:\/\/www.artbelova.com\/index.php\/2024\/07\/07\/seggnodellacqua\/\"><img loading=\"lazy\" decoding=\"async\" width=\"675\" height=\"346\" src=\"https:\/\/www.artbelova.com\/wp-content\/uploads\/2024\/07\/segnoacqua.jpg\" class=\"wp-post-image wp-image-408\" title=\"segnoacqua\" alt=\"segnoacqua\" srcset=\"https:\/\/www.artbelova.com\/wp-content\/uploads\/2024\/07\/segnoacqua.jpg 675w, https:\/\/www.artbelova.com\/wp-content\/uploads\/2024\/07\/segnoacqua-300x154.jpg 300w\" sizes=\"auto, (max-width: 675px) 100vw, 675px\" \/><\/a>\n                                                                <\/figure>\n\n                                    \n                        <div class=\"post-content\">\n\n                                                        <time datetime=\"2024-07-07\" class=\"post-date\" pubdate>July 7, 2024<\/time>\n                        \n                            \n                            \n                                <p>\u00a0 Nel Segno dell&#8217;Acqua dal 12 al 25 Luglio 2024 Mostra collettiva presso lo Spazio espositivo Hermetika VIA LIMITANEA 7 , 34134 Triest, Italy &#8220;Ho guardato un acquerello per un&#8217;ora e venti minuti.La felicit\u00e0 non ci chiede altro che fermarci un po&#8217; a contemplarla&#8221;Fabrizio Caramagna<\/p>\n                            \n                        <\/div>\n                        <!-- \/.post-content -->\n                                \n                    <\/article>\n            \n                        \n                    \n                    <article id=\"post-297\" class=\"post tf_clearfix post-297 type-post status-publish format-standard has-post-thumbnail hentry category-news\">\n\n                    \n                    \n                                <figure class=\"post-image\">\n                                                                        <a href=\"https:\/\/www.artbelova.com\/index.php\/2024\/04\/22\/collettivaprimavera\/\"><img loading=\"lazy\" decoding=\"async\" width=\"961\" height=\"405\" src=\"https:\/\/www.artbelova.com\/wp-content\/uploads\/2024\/06\/CollettivaPrimavera.jpg\" class=\"wp-post-image wp-image-298\" title=\"CollettivaPrimavera\" alt=\"CollettivaPrimavera\" srcset=\"https:\/\/www.artbelova.com\/wp-content\/uploads\/2024\/06\/CollettivaPrimavera.jpg 961w, https:\/\/www.artbelova.com\/wp-content\/uploads\/2024\/06\/CollettivaPrimavera-300x126.jpg 300w, https:\/\/www.artbelova.com\/wp-content\/uploads\/2024\/06\/CollettivaPrimavera-768x324.jpg 768w\" sizes=\"auto, (max-width: 961px) 100vw, 961px\" \/><\/a>\n                                                                <\/figure>\n\n                                    \n                        <div class=\"post-content\">\n\n                                                        <time datetime=\"2024-04-22\" class=\"post-date\" pubdate>April 22, 2024<\/time>\n                        \n                            \n                            \n                                <p>Collettiva di Primavera Benvenuti alla Mostra Collettiva di Primavera, un evento che celebra l&#8217;arte in tutte le sue forme, promuovendo l&#8217;incontro tra creativit\u00e0 e natura rinascente. In questa occasione speciale, artisti di diverse esperienze e background si uniscono per presentare le loro opere pi\u00f9 recenti, offrendo al pubblico un viaggio [&hellip;]<\/p>\n                            \n                        <\/div>\n                        <!-- \/.post-content -->\n                                \n                    <\/article>\n            \n                        \n                    \n                    <article id=\"post-307\" class=\"post tf_clearfix post-307 type-post status-publish format-standard has-post-thumbnail hentry category-news\">\n\n                    \n                    \n                                <figure class=\"post-image\">\n                                                                        <a href=\"https:\/\/www.artbelova.com\/index.php\/2024\/03\/29\/alchimiadabisso\/\"><img loading=\"lazy\" decoding=\"async\" width=\"4000\" height=\"1714\" src=\"https:\/\/www.artbelova.com\/wp-content\/uploads\/2024\/06\/2.png\" class=\"wp-post-image wp-image-308\" title=\"2\" alt=\"2\" srcset=\"https:\/\/www.artbelova.com\/wp-content\/uploads\/2024\/06\/2.png 4000w, https:\/\/www.artbelova.com\/wp-content\/uploads\/2024\/06\/2-300x129.png 300w, https:\/\/www.artbelova.com\/wp-content\/uploads\/2024\/06\/2-1024x439.png 1024w, https:\/\/www.artbelova.com\/wp-content\/uploads\/2024\/06\/2-768x329.png 768w, https:\/\/www.artbelova.com\/wp-content\/uploads\/2024\/06\/2-1536x658.png 1536w, https:\/\/www.artbelova.com\/wp-content\/uploads\/2024\/06\/2-2048x878.png 2048w\" sizes=\"auto, (max-width: 4000px) 100vw, 4000px\" \/><\/a>\n                                                                <\/figure>\n\n                                    \n                        <div class=\"post-content\">\n\n                                                        <time datetime=\"2024-03-29\" class=\"post-date\" pubdate>March 29, 2024<\/time>\n                        \n                            \n                            \n                                <p>Alchimia d&#8217;abissoArmonia tra Fotografia e Olio nell&#8217;Abisso dell&#8217;Astrazione- Progetto completo &#8211; \u201cAlchimia d\u2019Abisso\u201d \u00e8 un&#8217;esperienza visiva unica che unisce fotografia e pittura per trasportarvi in un mondo di meraviglia e contemplazione.\u00a0 In questa esposizione, presentiamo il lavoro di due artisti distinti che convergono in un unico viaggio attraverso l&#8217;immaginazione. Le [&hellip;]<\/p>\n                            \n                        <\/div>\n                        <!-- \/.post-content -->\n                                \n                    <\/article>\n            \n                        \n                    \n                    <article id=\"post-338\" class=\"post tf_clearfix post-338 type-post status-publish format-standard has-post-thumbnail hentry category-news\">\n\n                    \n                    \n                                <figure class=\"post-image\">\n                                                                        <a href=\"https:\/\/www.artbelova.com\/index.php\/2024\/01\/27\/viola\/\"><img loading=\"lazy\" decoding=\"async\" width=\"830\" height=\"405\" src=\"https:\/\/www.artbelova.com\/wp-content\/uploads\/2024\/06\/viola.jpg\" class=\"wp-post-image wp-image-392\" title=\"viola\" alt=\"viola\" srcset=\"https:\/\/www.artbelova.com\/wp-content\/uploads\/2024\/06\/viola.jpg 830w, https:\/\/www.artbelova.com\/wp-content\/uploads\/2024\/06\/viola-300x146.jpg 300w, https:\/\/www.artbelova.com\/wp-content\/uploads\/2024\/06\/viola-768x375.jpg 768w\" sizes=\"auto, (max-width: 830px) 100vw, 830px\" \/><\/a>\n                                                                <\/figure>\n\n                                    \n                        <div class=\"post-content\">\n\n                                                        <time datetime=\"2024-01-27\" class=\"post-date\" pubdate>January 27, 2024<\/time>\n                        \n                            \n                            \n                                <p>Benvenuti alla Mostra Collettiva dedicata al tema del colore viola, un&#8217;esplorazione artistica che celebra le molte sfumature e significati di questa tonalit\u00e0 affascinante. Il viola, simbolo di creativit\u00e0, spiritualit\u00e0 e trasformazione, unisce le opere di talentuosi artisti che hanno interpretato il tema con stili e sensibilit\u00e0 uniche. Sono onorata di [&hellip;]<\/p>\n                            \n                        <\/div>\n                        <!-- \/.post-content -->\n                                \n                    <\/article>\n            \n                            <\/div><!-- .builder-posts-wrap -->\n            <\/div>\n<!-- \/module post -->\n            <\/div>\n                        <\/div>\n        <\/div>\n        <\/div>\n<!--\/themify_builder_content-->","protected":false},"excerpt":{"rendered":"<p>NEWS Sono felice di darvi il benvenuto alla mia pagina dedicata alle novit\u00e0 e agli eventi in corso, passati e [&hellip;]<\/p>\n","protected":false},"author":1,"featured_media":0,"parent":0,"menu_order":0,"comment_status":"closed","ping_status":"closed","template":"","meta":{"site-sidebar-layout":"default","site-content-layout":"","ast-site-content-layout":"default","site-content-style":"default","site-sidebar-style":"default","ast-global-header-display":"","ast-banner-title-visibility":"","ast-main-header-display":"","ast-hfb-above-header-display":"","ast-hfb-below-header-display":"","ast-hfb-mobile-header-display":"","site-post-title":"","ast-breadcrumbs-content":"","ast-featured-img":"","footer-sml-layout":"","ast-disable-related-posts":"","theme-transparent-header-meta":"","adv-header-id-meta":"","stick-header-meta":"","header-above-stick-meta":"","header-main-stick-meta":"","header-below-stick-meta":"","astra-migrate-meta-layouts":"default","ast-page-background-enabled":"default","ast-page-background-meta":{"desktop":{"background-color":"var(--ast-global-color-4)","background-image":"","background-repeat":"repeat","background-position":"center center","background-size":"auto","background-attachment":"scroll","background-type":"","background-media":"","overlay-type":"","overlay-color":"","overlay-opacity":"","overlay-gradient":""},"tablet":{"background-color":"","background-image":"","background-repeat":"repeat","background-position":"center center","background-size":"auto","background-attachment":"scroll","background-type":"","background-media":"","overlay-type":"","overlay-color":"","overlay-opacity":"","overlay-gradient":""},"mobile":{"background-color":"","background-image":"","background-repeat":"repeat","background-position":"center center","background-size":"auto","background-attachment":"scroll","background-type":"","background-media":"","overlay-type":"","overlay-color":"","overlay-opacity":"","overlay-gradient":""}},"ast-content-background-meta":{"desktop":{"background-color":"var(--ast-global-color-5)","background-image":"","background-repeat":"repeat","background-position":"center center","background-size":"auto","background-attachment":"scroll","background-type":"","background-media":"","overlay-type":"","overlay-color":"","overlay-opacity":"","overlay-gradient":""},"tablet":{"background-color":"var(--ast-global-color-5)","background-image":"","background-repeat":"repeat","background-position":"center center","background-size":"auto","background-attachment":"scroll","background-type":"","background-media":"","overlay-type":"","overlay-color":"","overlay-opacity":"","overlay-gradient":""},"mobile":{"background-color":"var(--ast-global-color-5)","background-image":"","background-repeat":"repeat","background-position":"center center","background-size":"auto","background-attachment":"scroll","background-type":"","background-media":"","overlay-type":"","overlay-color":"","overlay-opacity":"","overlay-gradient":""}},"footnotes":""},"class_list":["post-240","page","type-page","status-publish","hentry"],"yoast_head":"<!-- This site is optimized with the Yoast SEO plugin v27.5 - https:\/\/yoast.com\/product\/yoast-seo-wordpress\/ -->\n<title>News - ArtBelova<\/title>\n<meta name=\"robots\" content=\"index, follow, max-snippet:-1, max-image-preview:large, max-video-preview:-1\" \/>\n<link rel=\"canonical\" href=\"https:\/\/www.artbelova.com\/index.php\/news\/\" \/>\n<meta property=\"og:locale\" content=\"en_US\" \/>\n<meta property=\"og:type\" content=\"article\" \/>\n<meta property=\"og:title\" content=\"News - ArtBelova\" \/>\n<meta property=\"og:description\" content=\"NEWS Sono felice di darvi il benvenuto alla mia pagina dedicata alle novit\u00e0 e agli eventi in corso, passati e [&hellip;]\" \/>\n<meta property=\"og:url\" content=\"https:\/\/www.artbelova.com\/index.php\/news\/\" \/>\n<meta property=\"og:site_name\" content=\"ArtBelova\" \/>\n<meta property=\"article:modified_time\" content=\"2024-07-07T15:36:28+00:00\" \/>\n<meta name=\"twitter:card\" content=\"summary_large_image\" \/>\n<meta name=\"twitter:label1\" content=\"Est. reading time\" \/>\n\t<meta name=\"twitter:data1\" content=\"2 minutes\" \/>\n<script type=\"application\/ld+json\" class=\"yoast-schema-graph\">{\"@context\":\"https:\\\/\\\/schema.org\",\"@graph\":[{\"@type\":\"WebPage\",\"@id\":\"https:\\\/\\\/www.artbelova.com\\\/index.php\\\/news\\\/\",\"url\":\"https:\\\/\\\/www.artbelova.com\\\/index.php\\\/news\\\/\",\"name\":\"News - ArtBelova\",\"isPartOf\":{\"@id\":\"https:\\\/\\\/www.artbelova.com\\\/#website\"},\"datePublished\":\"2024-05-02T10:10:30+00:00\",\"dateModified\":\"2024-07-07T15:36:28+00:00\",\"breadcrumb\":{\"@id\":\"https:\\\/\\\/www.artbelova.com\\\/index.php\\\/news\\\/#breadcrumb\"},\"inLanguage\":\"en-US\",\"potentialAction\":[{\"@type\":\"ReadAction\",\"target\":[\"https:\\\/\\\/www.artbelova.com\\\/index.php\\\/news\\\/\"]}]},{\"@type\":\"BreadcrumbList\",\"@id\":\"https:\\\/\\\/www.artbelova.com\\\/index.php\\\/news\\\/#breadcrumb\",\"itemListElement\":[{\"@type\":\"ListItem\",\"position\":1,\"name\":\"Home\",\"item\":\"https:\\\/\\\/www.artbelova.com\\\/\"},{\"@type\":\"ListItem\",\"position\":2,\"name\":\"News\"}]},{\"@type\":\"WebSite\",\"@id\":\"https:\\\/\\\/www.artbelova.com\\\/#website\",\"url\":\"https:\\\/\\\/www.artbelova.com\\\/\",\"name\":\"ArtBelova\",\"description\":\"by Mariia Belova\",\"publisher\":{\"@id\":\"https:\\\/\\\/www.artbelova.com\\\/#\\\/schema\\\/person\\\/9f862a8c5d1890dd56f9b25032765428\"},\"potentialAction\":[{\"@type\":\"SearchAction\",\"target\":{\"@type\":\"EntryPoint\",\"urlTemplate\":\"https:\\\/\\\/www.artbelova.com\\\/?s={search_term_string}\"},\"query-input\":{\"@type\":\"PropertyValueSpecification\",\"valueRequired\":true,\"valueName\":\"search_term_string\"}}],\"inLanguage\":\"en-US\"},{\"@type\":[\"Person\",\"Organization\"],\"@id\":\"https:\\\/\\\/www.artbelova.com\\\/#\\\/schema\\\/person\\\/9f862a8c5d1890dd56f9b25032765428\",\"name\":\"Mariia Belova\",\"image\":{\"@type\":\"ImageObject\",\"inLanguage\":\"en-US\",\"@id\":\"http:\\\/\\\/www.artbelova.com\\\/wp-content\\\/uploads\\\/2024\\\/04\\\/art-Belova-Logo_trans.png\",\"url\":\"http:\\\/\\\/www.artbelova.com\\\/wp-content\\\/uploads\\\/2024\\\/04\\\/art-Belova-Logo_trans.png\",\"contentUrl\":\"http:\\\/\\\/www.artbelova.com\\\/wp-content\\\/uploads\\\/2024\\\/04\\\/art-Belova-Logo_trans.png\",\"width\":486,\"height\":162,\"caption\":\"Mariia Belova\"},\"logo\":{\"@id\":\"http:\\\/\\\/www.artbelova.com\\\/wp-content\\\/uploads\\\/2024\\\/04\\\/art-Belova-Logo_trans.png\"},\"sameAs\":[\"http:\\\/\\\/www.artbelova.com\"]}]}<\/script>\n<!-- \/ Yoast SEO plugin. -->","yoast_head_json":{"title":"News - ArtBelova","robots":{"index":"index","follow":"follow","max-snippet":"max-snippet:-1","max-image-preview":"max-image-preview:large","max-video-preview":"max-video-preview:-1"},"canonical":"https:\/\/www.artbelova.com\/index.php\/news\/","og_locale":"en_US","og_type":"article","og_title":"News - ArtBelova","og_description":"NEWS Sono felice di darvi il benvenuto alla mia pagina dedicata alle novit\u00e0 e agli eventi in corso, passati e [&hellip;]","og_url":"https:\/\/www.artbelova.com\/index.php\/news\/","og_site_name":"ArtBelova","article_modified_time":"2024-07-07T15:36:28+00:00","twitter_card":"summary_large_image","twitter_misc":{"Est. reading time":"2 minutes"},"schema":{"@context":"https:\/\/schema.org","@graph":[{"@type":"WebPage","@id":"https:\/\/www.artbelova.com\/index.php\/news\/","url":"https:\/\/www.artbelova.com\/index.php\/news\/","name":"News - ArtBelova","isPartOf":{"@id":"https:\/\/www.artbelova.com\/#website"},"datePublished":"2024-05-02T10:10:30+00:00","dateModified":"2024-07-07T15:36:28+00:00","breadcrumb":{"@id":"https:\/\/www.artbelova.com\/index.php\/news\/#breadcrumb"},"inLanguage":"en-US","potentialAction":[{"@type":"ReadAction","target":["https:\/\/www.artbelova.com\/index.php\/news\/"]}]},{"@type":"BreadcrumbList","@id":"https:\/\/www.artbelova.com\/index.php\/news\/#breadcrumb","itemListElement":[{"@type":"ListItem","position":1,"name":"Home","item":"https:\/\/www.artbelova.com\/"},{"@type":"ListItem","position":2,"name":"News"}]},{"@type":"WebSite","@id":"https:\/\/www.artbelova.com\/#website","url":"https:\/\/www.artbelova.com\/","name":"ArtBelova","description":"by Mariia Belova","publisher":{"@id":"https:\/\/www.artbelova.com\/#\/schema\/person\/9f862a8c5d1890dd56f9b25032765428"},"potentialAction":[{"@type":"SearchAction","target":{"@type":"EntryPoint","urlTemplate":"https:\/\/www.artbelova.com\/?s={search_term_string}"},"query-input":{"@type":"PropertyValueSpecification","valueRequired":true,"valueName":"search_term_string"}}],"inLanguage":"en-US"},{"@type":["Person","Organization"],"@id":"https:\/\/www.artbelova.com\/#\/schema\/person\/9f862a8c5d1890dd56f9b25032765428","name":"Mariia Belova","image":{"@type":"ImageObject","inLanguage":"en-US","@id":"http:\/\/www.artbelova.com\/wp-content\/uploads\/2024\/04\/art-Belova-Logo_trans.png","url":"http:\/\/www.artbelova.com\/wp-content\/uploads\/2024\/04\/art-Belova-Logo_trans.png","contentUrl":"http:\/\/www.artbelova.com\/wp-content\/uploads\/2024\/04\/art-Belova-Logo_trans.png","width":486,"height":162,"caption":"Mariia Belova"},"logo":{"@id":"http:\/\/www.artbelova.com\/wp-content\/uploads\/2024\/04\/art-Belova-Logo_trans.png"},"sameAs":["http:\/\/www.artbelova.com"]}]}},"builder_content":"<p style=\"text-align: right;\"><em><strong>NEWS<\/strong><\/em><\/p> <p style=\"text-align: justify;\">Sono felice di darvi il benvenuto alla mia pagina dedicata alle novit\u00e0 e agli eventi in corso, passati e futuri.<\/p> <p style=\"text-align: justify;\">Qui troverete tutte le informazioni pi\u00f9 recenti su ci\u00f2 che sta accadendo nel nostro mondo - dalle ultime notizie sulle nuove iniziative e progetti in corso, ai resoconti degli eventi passati che hanno reso le nostre giornate indimenticabili.<\/p> <p style=\"text-align: justify;\">Ma non \u00e8 tutto! Siamo sempre un passo avanti, e vi terremo aggiornati su tutti gli eventi futuri in programma, cos\u00ec potrete pianificare le vostre partecipazioni e non perdervi nulla di ci\u00f2 che accade nel nostro ambiente.<\/p> <p style=\"text-align: justify;\">Restate sintonizzati per scoprire tutte le novit\u00e0 e gli eventi emozionanti che ci aspettano. Non vedo l'ora di condividere con voi momenti indimenticabili e esperienze straordinarie. Grazie per essere qui e per essere parte della nostra community!<\/p>\n","_links":{"self":[{"href":"https:\/\/www.artbelova.com\/index.php\/wp-json\/wp\/v2\/pages\/240","targetHints":{"allow":["GET"]}}],"collection":[{"href":"https:\/\/www.artbelova.com\/index.php\/wp-json\/wp\/v2\/pages"}],"about":[{"href":"https:\/\/www.artbelova.com\/index.php\/wp-json\/wp\/v2\/types\/page"}],"author":[{"embeddable":true,"href":"https:\/\/www.artbelova.com\/index.php\/wp-json\/wp\/v2\/users\/1"}],"replies":[{"embeddable":true,"href":"https:\/\/www.artbelova.com\/index.php\/wp-json\/wp\/v2\/comments?post=240"}],"version-history":[{"count":41,"href":"https:\/\/www.artbelova.com\/index.php\/wp-json\/wp\/v2\/pages\/240\/revisions"}],"predecessor-version":[{"id":416,"href":"https:\/\/www.artbelova.com\/index.php\/wp-json\/wp\/v2\/pages\/240\/revisions\/416"}],"wp:attachment":[{"href":"https:\/\/www.artbelova.com\/index.php\/wp-json\/wp\/v2\/media?parent=240"}],"curies":[{"name":"wp","href":"https:\/\/api.w.org\/{rel}","templated":true}]}}